{"id":458870,"date":"2018-03-21T09:37:43","date_gmt":"2018-03-21T09:37:43","guid":{"rendered":"https:\/\/en.financialafrik.com\/?page_id=458870"},"modified":"2018-03-21T09:37:43","modified_gmt":"2018-03-21T09:37:43","slug":"business-opportunities","status":"publish","type":"page","link":"https:\/\/www.financialafrik.com\/en\/business-opportunities\/","title":{"rendered":"Business opportunities"},"content":{"rendered":"<table id=\"ctl00_UNDBCPH_GridViewSearchResults\" border=\"0\" cellspacing=\"3\">\n<tbody>\n<tr class=\"tablecountry\">\n<td>\n<div class=\"TenderImageSearch\"><img decoding=\"async\" id=\"ctl00_UNDBCPH_GridViewSearchResults_ctl09_Imagecat\" title=\"Environment\" src=\"https:\/\/www.devbusiness.com\/images\/symbols60px\/ep.gif\" alt=\"Environment\" \/><img decoding=\"async\" id=\"ctl00_UNDBCPH_GridViewSearchResults_ctl09_ImageConsultant\" title=\"Consulting Services\" src=\"https:\/\/www.devbusiness.com\/images\/ConsultantsGraphic_C_15px_15px_evenDarker.gif\" alt=\"Consulting Services\" \/><\/div>\n<div class=\"TenderImageLabel\">Environment<\/div>\n<\/td>\n<td>Ghana<\/td>\n<td class=\"tabletitle\"><a id=\"ctl00_UNDBCPH_GridViewSearchResults_ctl09_ProjectTitleLinkBtn\" class=\"HyperLinkHover\" href=\"https:\/\/www.devbusiness.com\/ProjectViewer.aspx?ProjectID=121577&amp;ProjectType=1\">eConsult: Climate Technology Cross Border Diffusion in Ghana:<br \/>\nClimate Technology Cross Border Diffusion in Ghana<\/a><\/td>\n<\/tr>\n<\/tbody>\n<\/table>\n<p>&nbsp;<\/p>\n<table id=\"ctl00_UNDBCPH_GridViewSearchResults\" border=\"0\" cellspacing=\"3\">\n<tbody>\n<tr class=\"tablecountry\">\n<td>\n<div class=\"TenderImageSearch\"><img decoding=\"async\" id=\"ctl00_UNDBCPH_GridViewSearchResults_ctl11_Imagecat\" title=\"Power \/ Energy\" src=\"https:\/\/www.devbusiness.com\/images\/symbols60px\/h.gif\" alt=\"Power \/ Energy\" \/><\/div>\n<div class=\"TenderImageLabel\">Power \/ Energy<\/div>\n<\/td>\n<td>C\u00f4te d\u2019Ivoire<\/td>\n<td class=\"tabletitle\"><a id=\"ctl00_UNDBCPH_GridViewSearchResults_ctl11_ProjectTitleLinkBtn\" class=\"HyperLinkHover\" href=\"https:\/\/www.devbusiness.com\/ProjectViewer.aspx?ProjectID=121575&amp;ProjectType=1\">Electricity Transmission and Access Project:<br \/>\nFourniture et Installation de transformateurs \u00e0 Kossou, Ferk\u00e9, Man, Abobo, Taabo et Renforcement et S\u00e9curisation des postes de Agboville, Attakro, Ayam\u00e9, Bongo, Bouak\u00e9 1, Abengourou, Dabou, Daloa, Danan\u00e9 et Dimbokro Gagnoa &#8211; 4 lots<\/a><\/td>\n<\/tr>\n<\/tbody>\n<\/table>\n<p>&nbsp;<\/p>\n<table id=\"ctl00_UNDBCPH_GridViewSearchResults\" border=\"0\" cellspacing=\"3\">\n<tbody>\n<tr class=\"tablecountry\">\n<td>\n<div class=\"TenderImageSearch\"><img decoding=\"async\" id=\"ctl00_UNDBCPH_GridViewSearchResults_ctl26_Imagecat\" title=\"Agriculture\" src=\"https:\/\/www.devbusiness.com\/images\/symbols60px\/a.gif\" alt=\"Agriculture\" \/><\/div>\n<div class=\"TenderImageLabel\">Agriculture<\/div>\n<\/td>\n<td>Ethiopia<\/td>\n<td class=\"tabletitle\"><a id=\"ctl00_UNDBCPH_GridViewSearchResults_ctl26_ProjectTitleLinkBtn\" class=\"HyperLinkHover\" href=\"https:\/\/www.devbusiness.com\/ProjectViewer.aspx?ProjectID=121562&amp;ProjectType=1\">Second Agricultural Growth Project:<br \/>\nProcurement of laboratory equipment<\/a><\/td>\n<\/tr>\n<\/tbody>\n<\/table>\n","protected":false},"excerpt":{"rendered":"<p>Environment Ghana eConsult: Climate Technology Cross Border Diffusion in Ghana: Climate Technology Cross Border Diffusion in Ghana &nbsp; Power \/ Energy C\u00f4te d\u2019Ivoire Electricity Transmission and Access Project: Fourniture et Installation de transformateurs \u00e0 Kossou, Ferk\u00e9, Man, Abobo, Taabo et Renforcement et S\u00e9curisation des postes de Agboville, Attakro, Ayam\u00e9, Bongo, Bouak\u00e9 1, Abengourou, Dabou, Daloa,<\/p>\n","protected":false},"author":527683,"featured_media":451927,"parent":0,"menu_order":0,"comment_status":"closed","ping_status":"closed","template":"","meta":{"pmpro_default_level":"","jetpack_post_was_ever_published":false,"footnotes":""},"class_list":{"0":"post-458870","1":"page","2":"type-page","3":"status-publish","4":"has-post-thumbnail","6":"pmpro-has-access"},"yoast_head":"<!-- This site is optimized with the Yoast SEO Premium plugin v21.5 (Yoast SEO v27.3) - https:\/\/yoast.com\/product\/yoast-seo-premium-wordpress\/ -->\n<title>Business opportunities - Financial Afrik<\/title>\n<meta name=\"robots\" content=\"index, follow, max-snippet:-1, max-image-preview:large, max-video-preview:-1\" \/>\n<link rel=\"canonical\" href=\"https:\/\/www.financialafrik.com\/en\/business-opportunities\/\" \/>\n<meta property=\"og:locale\" content=\"en_US\" \/>\n<meta property=\"og:type\" content=\"article\" \/>\n<meta property=\"og:title\" content=\"Business opportunities\" \/>\n<meta property=\"og:description\" content=\"Environment Ghana eConsult: Climate Technology Cross Border Diffusion in Ghana: Climate Technology Cross Border Diffusion in Ghana &nbsp; Power \/ Energy C\u00f4te d\u2019Ivoire Electricity Transmission and Access Project: Fourniture et Installation de transformateurs \u00e0 Kossou, Ferk\u00e9, Man, Abobo, Taabo et Renforcement et S\u00e9curisation des postes de Agboville, Attakro, Ayam\u00e9, Bongo, Bouak\u00e9 1, Abengourou, Dabou, Daloa,\" \/>\n<meta property=\"og:url\" content=\"https:\/\/www.financialafrik.com\/en\/business-opportunities\/\" \/>\n<meta property=\"og:site_name\" content=\"Financial Afrik\" \/>\n<meta property=\"article:publisher\" content=\"https:\/\/www.facebook.com\/FinancialAfrik\/\" \/>\n<meta property=\"og:image\" content=\"https:\/\/www.financialafrik.com\/en\/wp-content\/uploads\/2023\/11\/All-African-finance.jpg\" \/>\n\t<meta property=\"og:image:width\" content=\"1200\" \/>\n\t<meta property=\"og:image:height\" content=\"675\" \/>\n\t<meta property=\"og:image:type\" content=\"image\/jpeg\" \/>\n<meta name=\"twitter:card\" content=\"summary_large_image\" \/>\n<meta name=\"twitter:site\" content=\"@Financialafrik\" \/>\n<script type=\"application\/ld+json\" class=\"yoast-schema-graph\">{\"@context\":\"https:\\\/\\\/schema.org\",\"@graph\":[{\"@type\":\"WebPage\",\"@id\":\"https:\\\/\\\/www.financialafrik.com\\\/en\\\/business-opportunities\\\/\",\"url\":\"https:\\\/\\\/www.financialafrik.com\\\/en\\\/business-opportunities\\\/\",\"name\":\"Business opportunities - Financial Afrik\",\"isPartOf\":{\"@id\":\"https:\\\/\\\/www.financialafrik.com\\\/en\\\/#website\"},\"primaryImageOfPage\":{\"@id\":\"https:\\\/\\\/www.financialafrik.com\\\/en\\\/business-opportunities\\\/#primaryimage\"},\"image\":{\"@id\":\"https:\\\/\\\/www.financialafrik.com\\\/en\\\/business-opportunities\\\/#primaryimage\"},\"thumbnailUrl\":\"\",\"datePublished\":\"2018-03-21T09:37:43+00:00\",\"inLanguage\":\"en-US\",\"potentialAction\":[{\"@type\":\"ReadAction\",\"target\":[\"https:\\\/\\\/www.financialafrik.com\\\/en\\\/business-opportunities\\\/\"]}]},{\"@type\":\"ImageObject\",\"inLanguage\":\"en-US\",\"@id\":\"https:\\\/\\\/www.financialafrik.com\\\/en\\\/business-opportunities\\\/#primaryimage\",\"url\":\"\",\"contentUrl\":\"\"},{\"@type\":\"WebSite\",\"@id\":\"https:\\\/\\\/www.financialafrik.com\\\/en\\\/#website\",\"url\":\"https:\\\/\\\/www.financialafrik.com\\\/en\\\/\",\"name\":\"Kapital Afrik\",\"description\":\"All African finance\",\"publisher\":{\"@id\":\"https:\\\/\\\/www.financialafrik.com\\\/en\\\/#organization\"},\"potentialAction\":[{\"@type\":\"SearchAction\",\"target\":{\"@type\":\"EntryPoint\",\"urlTemplate\":\"https:\\\/\\\/www.financialafrik.com\\\/en\\\/?s={search_term_string}\"},\"query-input\":{\"@type\":\"PropertyValueSpecification\",\"valueRequired\":true,\"valueName\":\"search_term_string\"}}],\"inLanguage\":\"en-US\"},{\"@type\":\"Organization\",\"@id\":\"https:\\\/\\\/www.financialafrik.com\\\/en\\\/#organization\",\"name\":\"Kapital Afrik | All African finance\",\"url\":\"https:\\\/\\\/www.financialafrik.com\\\/en\\\/\",\"logo\":{\"@type\":\"ImageObject\",\"inLanguage\":\"en-US\",\"@id\":\"https:\\\/\\\/www.financialafrik.com\\\/en\\\/#\\\/schema\\\/logo\\\/image\\\/\",\"url\":\"https:\\\/\\\/www.kapitalafrik.com\\\/wp-content\\\/uploads\\\/2020\\\/06\\\/logo-430x76-kapital-afrik-.png\",\"contentUrl\":\"https:\\\/\\\/www.kapitalafrik.com\\\/wp-content\\\/uploads\\\/2020\\\/06\\\/logo-430x76-kapital-afrik-.png\",\"width\":1740,\"height\":266,\"caption\":\"Kapital Afrik | All African finance\"},\"image\":{\"@id\":\"https:\\\/\\\/www.financialafrik.com\\\/en\\\/#\\\/schema\\\/logo\\\/image\\\/\"},\"sameAs\":[\"https:\\\/\\\/www.facebook.com\\\/FinancialAfrik\\\/\",\"https:\\\/\\\/x.com\\\/Financialafrik\",\"https:\\\/\\\/www.instagram.com\\\/financialafrikbusiness\\\/\",\"https:\\\/\\\/www.linkedin.com\\\/in\\\/financial-afrik\\\/\",\"https:\\\/\\\/www.youtube.com\\\/channel\\\/UCSeoXcgLHLSVaKqMP7cQaJQ\\\/\"]}]}<\/script>\n<!-- \/ Yoast SEO Premium plugin. -->","yoast_head_json":{"title":"Business opportunities - Financial Afrik","robots":{"index":"index","follow":"follow","max-snippet":"max-snippet:-1","max-image-preview":"max-image-preview:large","max-video-preview":"max-video-preview:-1"},"canonical":"https:\/\/www.financialafrik.com\/en\/business-opportunities\/","og_locale":"en_US","og_type":"article","og_title":"Business opportunities","og_description":"Environment Ghana eConsult: Climate Technology Cross Border Diffusion in Ghana: Climate Technology Cross Border Diffusion in Ghana &nbsp; Power \/ Energy C\u00f4te d\u2019Ivoire Electricity Transmission and Access Project: Fourniture et Installation de transformateurs \u00e0 Kossou, Ferk\u00e9, Man, Abobo, Taabo et Renforcement et S\u00e9curisation des postes de Agboville, Attakro, Ayam\u00e9, Bongo, Bouak\u00e9 1, Abengourou, Dabou, Daloa,","og_url":"https:\/\/www.financialafrik.com\/en\/business-opportunities\/","og_site_name":"Financial Afrik","article_publisher":"https:\/\/www.facebook.com\/FinancialAfrik\/","og_image":[{"width":1200,"height":675,"url":"https:\/\/www.financialafrik.com\/en\/wp-content\/uploads\/2023\/11\/All-African-finance.jpg","type":"image\/jpeg"}],"twitter_card":"summary_large_image","twitter_site":"@Financialafrik","schema":{"@context":"https:\/\/schema.org","@graph":[{"@type":"WebPage","@id":"https:\/\/www.financialafrik.com\/en\/business-opportunities\/","url":"https:\/\/www.financialafrik.com\/en\/business-opportunities\/","name":"Business opportunities - Financial Afrik","isPartOf":{"@id":"https:\/\/www.financialafrik.com\/en\/#website"},"primaryImageOfPage":{"@id":"https:\/\/www.financialafrik.com\/en\/business-opportunities\/#primaryimage"},"image":{"@id":"https:\/\/www.financialafrik.com\/en\/business-opportunities\/#primaryimage"},"thumbnailUrl":"","datePublished":"2018-03-21T09:37:43+00:00","inLanguage":"en-US","potentialAction":[{"@type":"ReadAction","target":["https:\/\/www.financialafrik.com\/en\/business-opportunities\/"]}]},{"@type":"ImageObject","inLanguage":"en-US","@id":"https:\/\/www.financialafrik.com\/en\/business-opportunities\/#primaryimage","url":"","contentUrl":""},{"@type":"WebSite","@id":"https:\/\/www.financialafrik.com\/en\/#website","url":"https:\/\/www.financialafrik.com\/en\/","name":"Kapital Afrik","description":"All African finance","publisher":{"@id":"https:\/\/www.financialafrik.com\/en\/#organization"},"potentialAction":[{"@type":"SearchAction","target":{"@type":"EntryPoint","urlTemplate":"https:\/\/www.financialafrik.com\/en\/?s={search_term_string}"},"query-input":{"@type":"PropertyValueSpecification","valueRequired":true,"valueName":"search_term_string"}}],"inLanguage":"en-US"},{"@type":"Organization","@id":"https:\/\/www.financialafrik.com\/en\/#organization","name":"Kapital Afrik | All African finance","url":"https:\/\/www.financialafrik.com\/en\/","logo":{"@type":"ImageObject","inLanguage":"en-US","@id":"https:\/\/www.financialafrik.com\/en\/#\/schema\/logo\/image\/","url":"https:\/\/www.kapitalafrik.com\/wp-content\/uploads\/2020\/06\/logo-430x76-kapital-afrik-.png","contentUrl":"https:\/\/www.kapitalafrik.com\/wp-content\/uploads\/2020\/06\/logo-430x76-kapital-afrik-.png","width":1740,"height":266,"caption":"Kapital Afrik | All African finance"},"image":{"@id":"https:\/\/www.financialafrik.com\/en\/#\/schema\/logo\/image\/"},"sameAs":["https:\/\/www.facebook.com\/FinancialAfrik\/","https:\/\/x.com\/Financialafrik","https:\/\/www.instagram.com\/financialafrikbusiness\/","https:\/\/www.linkedin.com\/in\/financial-afrik\/","https:\/\/www.youtube.com\/channel\/UCSeoXcgLHLSVaKqMP7cQaJQ\/"]}]}},"jetpack_sharing_enabled":true,"_links":{"self":[{"href":"https:\/\/www.financialafrik.com\/en\/wp-json\/wp\/v2\/pages\/458870","targetHints":{"allow":["GET"]}}],"collection":[{"href":"https:\/\/www.financialafrik.com\/en\/wp-json\/wp\/v2\/pages"}],"about":[{"href":"https:\/\/www.financialafrik.com\/en\/wp-json\/wp\/v2\/types\/page"}],"author":[{"embeddable":true,"href":"https:\/\/www.financialafrik.com\/en\/wp-json\/wp\/v2\/users\/527683"}],"replies":[{"embeddable":true,"href":"https:\/\/www.financialafrik.com\/en\/wp-json\/wp\/v2\/comments?post=458870"}],"version-history":[{"count":0,"href":"https:\/\/www.financialafrik.com\/en\/wp-json\/wp\/v2\/pages\/458870\/revisions"}],"wp:featuredmedia":[{"embeddable":true,"href":"https:\/\/www.financialafrik.com\/en\/wp-json\/"}],"wp:attachment":[{"href":"https:\/\/www.financialafrik.com\/en\/wp-json\/wp\/v2\/media?parent=458870"}],"curies":[{"name":"wp","href":"https:\/\/api.w.org\/{rel}","templated":true}]}}